{"id":379,"date":"2024-02-06T11:42:11","date_gmt":"2024-02-06T14:42:11","guid":{"rendered":"https:\/\/blog.padraocolor.com.br\/?page_id=379"},"modified":"2024-02-08T17:25:22","modified_gmt":"2024-02-08T20:25:22","slug":"sobre-a-padrao-color","status":"publish","type":"page","link":"https:\/\/blog.padraocolor.com.br\/?page_id=379","title":{"rendered":"Sobre a Padr\u00e3o"},"content":{"rendered":"\n<h3 class=\"wp-block-heading\">Sobre N\u00f3s<\/h3>\n\n\n<div class=\"wp-block-image\">\n<figure class=\"aligncenter is-resized\"><img decoding=\"async\" src=\"https:\/\/img.padraocolor.com.br\/padraocolor\/\/gugnpn5xvmwwgzwzc0oov6omg9pkgsnntuybvnlf.jpeg\" alt=\"\" style=\"width:844px;height:auto\"\/><\/figure>\n<\/div>\n\n\n<p class=\"has-black-color has-text-color has-link-color has-medium-font-size wp-elements-044fb7b688074eb03705132320eaa549\">A Padr\u00e3o Color foi fundada em 2003 pelo empres\u00e1rio Marcos Alexandre&nbsp;com foco inicial no mercado de revendedores, destacando-se principalmente na produ\u00e7\u00e3o de cart\u00f5es de visita. Localizada em S\u00e3o Jo\u00e3o de Meriti, Rio de Janeiro, a empresa \u00e9 considerada pioneira na \u00e1rea. Atualmente, concentra seus esfor\u00e7os na cria\u00e7\u00e3o de materiais gr\u00e1ficos destinados ao setor de marketing empresarial, abrangendo diversas aplica\u00e7\u00f5es como endomarketing, PVD, Marketing Direto e Indireto, suporte para executivos de vendas, cat\u00e1logos, anu\u00e1rios, papelaria, sublima\u00e7\u00e3o, entre outros.<\/p>\n\n\n\n<p class=\"has-black-color has-text-color has-link-color has-medium-font-size wp-elements-02beedbca5f664892bd4a1e4d438df82\">A Padr\u00e3o Color destaca-se por sua \u00eanfase na rapidez e efici\u00eancia dos servi\u00e7os oferecidos, tanto para colaboradores quanto para revendedores gr\u00e1ficos. A empresa foi agraciada com o Trof\u00e9u Werner Klatt &#8211; Excel\u00eancia Gr\u00e1fica nos anos de 2011 e 2013, entre outros reconhecimentos.<\/p>\n\n\n\n<p class=\"has-black-color has-text-color has-link-color has-medium-font-size wp-elements-d2a942cab39d1923b8e65f4b2a78c9b2\">Com sete lojas f\u00edsicas distribu\u00eddas estrategicamente, a Padr\u00e3o Color atua como ponto de retirada para seus materiais em Alc\u00e2ntara-RJ, Mesquita-RJ, Niter\u00f3i-RJ, S\u00e3o Jo\u00e3o de Meriti-RJ, S\u00e3o Pedro da Aldeia-RJ, Juiz de Fora &#8211; MG e Vit\u00f3ria &#8211; ES.<\/p>\n","protected":false},"excerpt":{"rendered":"<p>Sobre N\u00f3s A Padr\u00e3o Color foi fundada em 2003 pelo empres\u00e1rio Marcos Alexandre&nbsp;com foco inicial no mercado de revendedores, destacando-se principalmente na produ\u00e7\u00e3o de cart\u00f5es de visita. Localizada em S\u00e3o Jo\u00e3o de Meriti, Rio de Janeiro, a empresa \u00e9 considerada pioneira na \u00e1rea. Atualmente, concentra seus esfor\u00e7os na cria\u00e7\u00e3o de materiais gr\u00e1ficos destinados ao setor [&hellip;]<\/p>\n","protected":false},"author":4,"featured_media":0,"parent":0,"menu_order":0,"comment_status":"closed","ping_status":"closed","template":"","meta":{"_monsterinsights_skip_tracking":false,"_monsterinsights_sitenote_active":false,"_monsterinsights_sitenote_note":"","_monsterinsights_sitenote_category":0,"footnotes":""},"class_list":["post-379","page","type-page","status-publish","hentry","entry"],"yoast_head":"<!-- This site is optimized with the Yoast SEO plugin v22.0 - https:\/\/yoast.com\/wordpress\/plugins\/seo\/ -->\n<title>Sobre a Padr\u00e3o - Blog da Padr\u00e3o Color<\/title>\n<meta name=\"robots\" content=\"index, follow, max-snippet:-1, max-image-preview:large, max-video-preview:-1\" \/>\n<link rel=\"canonical\" href=\"https:\/\/blog.padraocolor.com.br\/?page_id=379\" \/>\n<meta property=\"og:locale\" content=\"pt_BR\" \/>\n<meta property=\"og:type\" content=\"article\" \/>\n<meta property=\"og:title\" content=\"Sobre a Padr\u00e3o - Blog da Padr\u00e3o Color\" \/>\n<meta property=\"og:description\" content=\"Sobre N\u00f3s A Padr\u00e3o Color foi fundada em 2003 pelo empres\u00e1rio Marcos Alexandre&nbsp;com foco inicial no mercado de revendedores, destacando-se principalmente na produ\u00e7\u00e3o de cart\u00f5es de visita. Localizada em S\u00e3o Jo\u00e3o de Meriti, Rio de Janeiro, a empresa \u00e9 considerada pioneira na \u00e1rea. Atualmente, concentra seus esfor\u00e7os na cria\u00e7\u00e3o de materiais gr\u00e1ficos destinados ao setor [&hellip;]\" \/>\n<meta property=\"og:url\" content=\"https:\/\/blog.padraocolor.com.br\/?page_id=379\" \/>\n<meta property=\"og:site_name\" content=\"Blog da Padr\u00e3o Color\" \/>\n<meta property=\"article:publisher\" content=\"https:\/\/www.facebook.com\/padraocolor\" \/>\n<meta property=\"article:modified_time\" content=\"2024-02-08T20:25:22+00:00\" \/>\n<meta property=\"og:image\" content=\"https:\/\/img.padraocolor.com.br\/padraocolor\/\/gugnpn5xvmwwgzwzc0oov6omg9pkgsnntuybvnlf.jpeg\" \/>\n<meta name=\"twitter:card\" content=\"summary_large_image\" \/>\n<meta name=\"twitter:label1\" content=\"Est. tempo de leitura\" \/>\n\t<meta name=\"twitter:data1\" content=\"2 minutos\" \/>\n<script type=\"application\/ld+json\" class=\"yoast-schema-graph\">{\"@context\":\"https:\/\/schema.org\",\"@graph\":[{\"@type\":\"WebPage\",\"@id\":\"https:\/\/blog.padraocolor.com.br\/?page_id=379\",\"url\":\"https:\/\/blog.padraocolor.com.br\/?page_id=379\",\"name\":\"Sobre a Padr\u00e3o - Blog da Padr\u00e3o Color\",\"isPartOf\":{\"@id\":\"https:\/\/blog.padraocolor.com.br\/#website\"},\"datePublished\":\"2024-02-06T14:42:11+00:00\",\"dateModified\":\"2024-02-08T20:25:22+00:00\",\"breadcrumb\":{\"@id\":\"https:\/\/blog.padraocolor.com.br\/?page_id=379#breadcrumb\"},\"inLanguage\":\"pt-BR\",\"potentialAction\":[{\"@type\":\"ReadAction\",\"target\":[\"https:\/\/blog.padraocolor.com.br\/?page_id=379\"]}]},{\"@type\":\"BreadcrumbList\",\"@id\":\"https:\/\/blog.padraocolor.com.br\/?page_id=379#breadcrumb\",\"itemListElement\":[{\"@type\":\"ListItem\",\"position\":1,\"name\":\"In\u00edcio\",\"item\":\"https:\/\/blog.padraocolor.com.br\/\"},{\"@type\":\"ListItem\",\"position\":2,\"name\":\"Sobre a Padr\u00e3o\"}]},{\"@type\":\"WebSite\",\"@id\":\"https:\/\/blog.padraocolor.com.br\/#website\",\"url\":\"https:\/\/blog.padraocolor.com.br\/\",\"name\":\"Blog da Padr\u00e3o Color\",\"description\":\"O Blog \u00e9 o nosso canal para te manter informado sobre conte\u00fados, tutoriais ou novidades inspiradoras\",\"publisher\":{\"@id\":\"https:\/\/blog.padraocolor.com.br\/#organization\"},\"potentialAction\":[{\"@type\":\"SearchAction\",\"target\":{\"@type\":\"EntryPoint\",\"urlTemplate\":\"https:\/\/blog.padraocolor.com.br\/?s={search_term_string}\"},\"query-input\":\"required name=search_term_string\"}],\"inLanguage\":\"pt-BR\"},{\"@type\":\"Organization\",\"@id\":\"https:\/\/blog.padraocolor.com.br\/#organization\",\"name\":\"Blog da Padr\u00e3o Color\",\"url\":\"https:\/\/blog.padraocolor.com.br\/\",\"logo\":{\"@type\":\"ImageObject\",\"inLanguage\":\"pt-BR\",\"@id\":\"https:\/\/blog.padraocolor.com.br\/#\/schema\/logo\/image\/\",\"url\":\"https:\/\/blog.padraocolor.com.br\/wp-content\/uploads\/2023\/11\/Logo-novo-simbolo.png\",\"contentUrl\":\"https:\/\/blog.padraocolor.com.br\/wp-content\/uploads\/2023\/11\/Logo-novo-simbolo.png\",\"width\":1198,\"height\":886,\"caption\":\"Blog da Padr\u00e3o Color\"},\"image\":{\"@id\":\"https:\/\/blog.padraocolor.com.br\/#\/schema\/logo\/image\/\"},\"sameAs\":[\"https:\/\/www.facebook.com\/padraocolor\",\"https:\/\/www.instagram.com\/padraocolor\"]}]}<\/script>\n<!-- \/ Yoast SEO plugin. -->","yoast_head_json":{"title":"Sobre a Padr\u00e3o - Blog da Padr\u00e3o Color","robots":{"index":"index","follow":"follow","max-snippet":"max-snippet:-1","max-image-preview":"max-image-preview:large","max-video-preview":"max-video-preview:-1"},"canonical":"https:\/\/blog.padraocolor.com.br\/?page_id=379","og_locale":"pt_BR","og_type":"article","og_title":"Sobre a Padr\u00e3o - Blog da Padr\u00e3o Color","og_description":"Sobre N\u00f3s A Padr\u00e3o Color foi fundada em 2003 pelo empres\u00e1rio Marcos Alexandre&nbsp;com foco inicial no mercado de revendedores, destacando-se principalmente na produ\u00e7\u00e3o de cart\u00f5es de visita. Localizada em S\u00e3o Jo\u00e3o de Meriti, Rio de Janeiro, a empresa \u00e9 considerada pioneira na \u00e1rea. Atualmente, concentra seus esfor\u00e7os na cria\u00e7\u00e3o de materiais gr\u00e1ficos destinados ao setor [&hellip;]","og_url":"https:\/\/blog.padraocolor.com.br\/?page_id=379","og_site_name":"Blog da Padr\u00e3o Color","article_publisher":"https:\/\/www.facebook.com\/padraocolor","article_modified_time":"2024-02-08T20:25:22+00:00","og_image":[{"url":"https:\/\/img.padraocolor.com.br\/padraocolor\/\/gugnpn5xvmwwgzwzc0oov6omg9pkgsnntuybvnlf.jpeg"}],"twitter_card":"summary_large_image","twitter_misc":{"Est. tempo de leitura":"2 minutos"},"schema":{"@context":"https:\/\/schema.org","@graph":[{"@type":"WebPage","@id":"https:\/\/blog.padraocolor.com.br\/?page_id=379","url":"https:\/\/blog.padraocolor.com.br\/?page_id=379","name":"Sobre a Padr\u00e3o - Blog da Padr\u00e3o Color","isPartOf":{"@id":"https:\/\/blog.padraocolor.com.br\/#website"},"datePublished":"2024-02-06T14:42:11+00:00","dateModified":"2024-02-08T20:25:22+00:00","breadcrumb":{"@id":"https:\/\/blog.padraocolor.com.br\/?page_id=379#breadcrumb"},"inLanguage":"pt-BR","potentialAction":[{"@type":"ReadAction","target":["https:\/\/blog.padraocolor.com.br\/?page_id=379"]}]},{"@type":"BreadcrumbList","@id":"https:\/\/blog.padraocolor.com.br\/?page_id=379#breadcrumb","itemListElement":[{"@type":"ListItem","position":1,"name":"In\u00edcio","item":"https:\/\/blog.padraocolor.com.br\/"},{"@type":"ListItem","position":2,"name":"Sobre a Padr\u00e3o"}]},{"@type":"WebSite","@id":"https:\/\/blog.padraocolor.com.br\/#website","url":"https:\/\/blog.padraocolor.com.br\/","name":"Blog da Padr\u00e3o Color","description":"O Blog \u00e9 o nosso canal para te manter informado sobre conte\u00fados, tutoriais ou novidades inspiradoras","publisher":{"@id":"https:\/\/blog.padraocolor.com.br\/#organization"},"potentialAction":[{"@type":"SearchAction","target":{"@type":"EntryPoint","urlTemplate":"https:\/\/blog.padraocolor.com.br\/?s={search_term_string}"},"query-input":"required name=search_term_string"}],"inLanguage":"pt-BR"},{"@type":"Organization","@id":"https:\/\/blog.padraocolor.com.br\/#organization","name":"Blog da Padr\u00e3o Color","url":"https:\/\/blog.padraocolor.com.br\/","logo":{"@type":"ImageObject","inLanguage":"pt-BR","@id":"https:\/\/blog.padraocolor.com.br\/#\/schema\/logo\/image\/","url":"https:\/\/blog.padraocolor.com.br\/wp-content\/uploads\/2023\/11\/Logo-novo-simbolo.png","contentUrl":"https:\/\/blog.padraocolor.com.br\/wp-content\/uploads\/2023\/11\/Logo-novo-simbolo.png","width":1198,"height":886,"caption":"Blog da Padr\u00e3o Color"},"image":{"@id":"https:\/\/blog.padraocolor.com.br\/#\/schema\/logo\/image\/"},"sameAs":["https:\/\/www.facebook.com\/padraocolor","https:\/\/www.instagram.com\/padraocolor"]}]}},"_links":{"self":[{"href":"https:\/\/blog.padraocolor.com.br\/index.php?rest_route=\/wp\/v2\/pages\/379","targetHints":{"allow":["GET"]}}],"collection":[{"href":"https:\/\/blog.padraocolor.com.br\/index.php?rest_route=\/wp\/v2\/pages"}],"about":[{"href":"https:\/\/blog.padraocolor.com.br\/index.php?rest_route=\/wp\/v2\/types\/page"}],"author":[{"embeddable":true,"href":"https:\/\/blog.padraocolor.com.br\/index.php?rest_route=\/wp\/v2\/users\/4"}],"replies":[{"embeddable":true,"href":"https:\/\/blog.padraocolor.com.br\/index.php?rest_route=%2Fwp%2Fv2%2Fcomments&post=379"}],"version-history":[{"count":4,"href":"https:\/\/blog.padraocolor.com.br\/index.php?rest_route=\/wp\/v2\/pages\/379\/revisions"}],"predecessor-version":[{"id":640,"href":"https:\/\/blog.padraocolor.com.br\/index.php?rest_route=\/wp\/v2\/pages\/379\/revisions\/640"}],"wp:attachment":[{"href":"https:\/\/blog.padraocolor.com.br\/index.php?rest_route=%2Fwp%2Fv2%2Fmedia&parent=379"}],"curies":[{"name":"wp","href":"https:\/\/api.w.org\/{rel}","templated":true}]}}