{"id":2,"date":"2023-11-23T11:10:12","date_gmt":"2023-11-23T14:10:12","guid":{"rendered":"https:\/\/167.71.166.247\/?page_id=2"},"modified":"2024-02-09T11:33:11","modified_gmt":"2024-02-09T14:33:11","slug":"inicio","status":"publish","type":"page","link":"https:\/\/blog.padraocolor.com.br\/?page_id=2","title":{"rendered":"P\u00e1gina Inicial"},"content":{"rendered":"\t\t<div data-elementor-type=\"wp-page\" data-elementor-id=\"2\" class=\"elementor elementor-2\">\n\t\t\t\t<div class=\"elementor-element elementor-element-46dc918 e-flex e-con-boxed e-con e-parent\" data-id=\"46dc918\" data-element_type=\"container\" data-settings=\"{&quot;content_width&quot;:&quot;boxed&quot;}\" data-core-v316-plus=\"true\">\n\t\t\t\t\t<div class=\"e-con-inner\">\n\t\t\t\t\t<\/div>\n\t\t\t\t<\/div>\n\t\t\t\t<\/div>\n\t\t","protected":false},"excerpt":{"rendered":"<p>Conte\u00fados exclusivos para voc\u00ea<\/p>\n","protected":false},"author":4,"featured_media":0,"parent":0,"menu_order":0,"comment_status":"closed","ping_status":"closed","template":"","meta":{"_monsterinsights_skip_tracking":false,"_monsterinsights_sitenote_active":false,"_monsterinsights_sitenote_note":"","_monsterinsights_sitenote_category":0,"footnotes":""},"class_list":["post-2","page","type-page","status-publish","hentry","entry"],"yoast_head":"<!-- This site is optimized with the Yoast SEO plugin v22.0 - https:\/\/yoast.com\/wordpress\/plugins\/seo\/ -->\n<title>P\u00e1gina Inicial - Blog da Padr\u00e3o Color<\/title>\n<meta name=\"description\" content=\"Explore o universo da impress\u00e3o e design gr\u00e1fico no blog da Padrao Color. Encontre dicas, inspira\u00e7\u00e3o e informa\u00e7\u00f5es essenciais para aprimorar sua marca e projetos. Esteja um passo \u00e0 frente na impress\u00e3o. Visite-nos agora!\" \/>\n<meta name=\"robots\" content=\"index, follow, max-snippet:-1, max-image-preview:large, max-video-preview:-1\" \/>\n<link rel=\"canonical\" href=\"https:\/\/blog.padraocolor.com.br\/?page_id=2\" \/>\n<meta property=\"og:locale\" content=\"pt_BR\" \/>\n<meta property=\"og:type\" content=\"article\" \/>\n<meta property=\"og:title\" content=\"P\u00e1gina Inicial - Blog da Padr\u00e3o Color\" \/>\n<meta property=\"og:description\" content=\"Explore o universo da impress\u00e3o e design gr\u00e1fico no blog da Padrao Color. Encontre dicas, inspira\u00e7\u00e3o e informa\u00e7\u00f5es essenciais para aprimorar sua marca e projetos. Esteja um passo \u00e0 frente na impress\u00e3o. Visite-nos agora!\" \/>\n<meta property=\"og:url\" content=\"https:\/\/blog.padraocolor.com.br\/?page_id=2\" \/>\n<meta property=\"og:site_name\" content=\"Blog da Padr\u00e3o Color\" \/>\n<meta property=\"article:publisher\" content=\"https:\/\/www.facebook.com\/padraocolor\" \/>\n<meta property=\"article:modified_time\" content=\"2024-02-09T14:33:11+00:00\" \/>\n<meta name=\"twitter:card\" content=\"summary_large_image\" \/>\n<meta name=\"twitter:label1\" content=\"Est. tempo de leitura\" \/>\n\t<meta name=\"twitter:data1\" content=\"1 minuto\" \/>\n<script type=\"application\/ld+json\" class=\"yoast-schema-graph\">{\"@context\":\"https:\/\/schema.org\",\"@graph\":[{\"@type\":\"WebPage\",\"@id\":\"https:\/\/blog.padraocolor.com.br\/?page_id=2\",\"url\":\"https:\/\/blog.padraocolor.com.br\/?page_id=2\",\"name\":\"P\u00e1gina Inicial - Blog da Padr\u00e3o Color\",\"isPartOf\":{\"@id\":\"https:\/\/blog.padraocolor.com.br\/#website\"},\"datePublished\":\"2023-11-23T14:10:12+00:00\",\"dateModified\":\"2024-02-09T14:33:11+00:00\",\"description\":\"Explore o universo da impress\u00e3o e design gr\u00e1fico no blog da Padrao Color. Encontre dicas, inspira\u00e7\u00e3o e informa\u00e7\u00f5es essenciais para aprimorar sua marca e projetos. Esteja um passo \u00e0 frente na impress\u00e3o. Visite-nos agora!\",\"breadcrumb\":{\"@id\":\"https:\/\/blog.padraocolor.com.br\/?page_id=2#breadcrumb\"},\"inLanguage\":\"pt-BR\",\"potentialAction\":[{\"@type\":\"ReadAction\",\"target\":[\"https:\/\/blog.padraocolor.com.br\/?page_id=2\"]}]},{\"@type\":\"BreadcrumbList\",\"@id\":\"https:\/\/blog.padraocolor.com.br\/?page_id=2#breadcrumb\",\"itemListElement\":[{\"@type\":\"ListItem\",\"position\":1,\"name\":\"In\u00edcio\",\"item\":\"https:\/\/blog.padraocolor.com.br\/\"},{\"@type\":\"ListItem\",\"position\":2,\"name\":\"P\u00e1gina Inicial\"}]},{\"@type\":\"WebSite\",\"@id\":\"https:\/\/blog.padraocolor.com.br\/#website\",\"url\":\"https:\/\/blog.padraocolor.com.br\/\",\"name\":\"Blog da Padr\u00e3o Color\",\"description\":\"O Blog \u00e9 o nosso canal para te manter informado sobre conte\u00fados, tutoriais ou novidades inspiradoras\",\"publisher\":{\"@id\":\"https:\/\/blog.padraocolor.com.br\/#organization\"},\"potentialAction\":[{\"@type\":\"SearchAction\",\"target\":{\"@type\":\"EntryPoint\",\"urlTemplate\":\"https:\/\/blog.padraocolor.com.br\/?s={search_term_string}\"},\"query-input\":\"required name=search_term_string\"}],\"inLanguage\":\"pt-BR\"},{\"@type\":\"Organization\",\"@id\":\"https:\/\/blog.padraocolor.com.br\/#organization\",\"name\":\"Blog da Padr\u00e3o Color\",\"url\":\"https:\/\/blog.padraocolor.com.br\/\",\"logo\":{\"@type\":\"ImageObject\",\"inLanguage\":\"pt-BR\",\"@id\":\"https:\/\/blog.padraocolor.com.br\/#\/schema\/logo\/image\/\",\"url\":\"https:\/\/blog.padraocolor.com.br\/wp-content\/uploads\/2023\/11\/Logo-novo-simbolo.png\",\"contentUrl\":\"https:\/\/blog.padraocolor.com.br\/wp-content\/uploads\/2023\/11\/Logo-novo-simbolo.png\",\"width\":1198,\"height\":886,\"caption\":\"Blog da Padr\u00e3o Color\"},\"image\":{\"@id\":\"https:\/\/blog.padraocolor.com.br\/#\/schema\/logo\/image\/\"},\"sameAs\":[\"https:\/\/www.facebook.com\/padraocolor\",\"https:\/\/www.instagram.com\/padraocolor\"]}]}<\/script>\n<!-- \/ Yoast SEO plugin. -->","yoast_head_json":{"title":"P\u00e1gina Inicial - Blog da Padr\u00e3o Color","description":"Explore o universo da impress\u00e3o e design gr\u00e1fico no blog da Padrao Color. Encontre dicas, inspira\u00e7\u00e3o e informa\u00e7\u00f5es essenciais para aprimorar sua marca e projetos. Esteja um passo \u00e0 frente na impress\u00e3o. Visite-nos agora!","robots":{"index":"index","follow":"follow","max-snippet":"max-snippet:-1","max-image-preview":"max-image-preview:large","max-video-preview":"max-video-preview:-1"},"canonical":"https:\/\/blog.padraocolor.com.br\/?page_id=2","og_locale":"pt_BR","og_type":"article","og_title":"P\u00e1gina Inicial - Blog da Padr\u00e3o Color","og_description":"Explore o universo da impress\u00e3o e design gr\u00e1fico no blog da Padrao Color. Encontre dicas, inspira\u00e7\u00e3o e informa\u00e7\u00f5es essenciais para aprimorar sua marca e projetos. Esteja um passo \u00e0 frente na impress\u00e3o. Visite-nos agora!","og_url":"https:\/\/blog.padraocolor.com.br\/?page_id=2","og_site_name":"Blog da Padr\u00e3o Color","article_publisher":"https:\/\/www.facebook.com\/padraocolor","article_modified_time":"2024-02-09T14:33:11+00:00","twitter_card":"summary_large_image","twitter_misc":{"Est. tempo de leitura":"1 minuto"},"schema":{"@context":"https:\/\/schema.org","@graph":[{"@type":"WebPage","@id":"https:\/\/blog.padraocolor.com.br\/?page_id=2","url":"https:\/\/blog.padraocolor.com.br\/?page_id=2","name":"P\u00e1gina Inicial - Blog da Padr\u00e3o Color","isPartOf":{"@id":"https:\/\/blog.padraocolor.com.br\/#website"},"datePublished":"2023-11-23T14:10:12+00:00","dateModified":"2024-02-09T14:33:11+00:00","description":"Explore o universo da impress\u00e3o e design gr\u00e1fico no blog da Padrao Color. Encontre dicas, inspira\u00e7\u00e3o e informa\u00e7\u00f5es essenciais para aprimorar sua marca e projetos. Esteja um passo \u00e0 frente na impress\u00e3o. Visite-nos agora!","breadcrumb":{"@id":"https:\/\/blog.padraocolor.com.br\/?page_id=2#breadcrumb"},"inLanguage":"pt-BR","potentialAction":[{"@type":"ReadAction","target":["https:\/\/blog.padraocolor.com.br\/?page_id=2"]}]},{"@type":"BreadcrumbList","@id":"https:\/\/blog.padraocolor.com.br\/?page_id=2#breadcrumb","itemListElement":[{"@type":"ListItem","position":1,"name":"In\u00edcio","item":"https:\/\/blog.padraocolor.com.br\/"},{"@type":"ListItem","position":2,"name":"P\u00e1gina Inicial"}]},{"@type":"WebSite","@id":"https:\/\/blog.padraocolor.com.br\/#website","url":"https:\/\/blog.padraocolor.com.br\/","name":"Blog da Padr\u00e3o Color","description":"O Blog \u00e9 o nosso canal para te manter informado sobre conte\u00fados, tutoriais ou novidades inspiradoras","publisher":{"@id":"https:\/\/blog.padraocolor.com.br\/#organization"},"potentialAction":[{"@type":"SearchAction","target":{"@type":"EntryPoint","urlTemplate":"https:\/\/blog.padraocolor.com.br\/?s={search_term_string}"},"query-input":"required name=search_term_string"}],"inLanguage":"pt-BR"},{"@type":"Organization","@id":"https:\/\/blog.padraocolor.com.br\/#organization","name":"Blog da Padr\u00e3o Color","url":"https:\/\/blog.padraocolor.com.br\/","logo":{"@type":"ImageObject","inLanguage":"pt-BR","@id":"https:\/\/blog.padraocolor.com.br\/#\/schema\/logo\/image\/","url":"https:\/\/blog.padraocolor.com.br\/wp-content\/uploads\/2023\/11\/Logo-novo-simbolo.png","contentUrl":"https:\/\/blog.padraocolor.com.br\/wp-content\/uploads\/2023\/11\/Logo-novo-simbolo.png","width":1198,"height":886,"caption":"Blog da Padr\u00e3o Color"},"image":{"@id":"https:\/\/blog.padraocolor.com.br\/#\/schema\/logo\/image\/"},"sameAs":["https:\/\/www.facebook.com\/padraocolor","https:\/\/www.instagram.com\/padraocolor"]}]}},"_links":{"self":[{"href":"https:\/\/blog.padraocolor.com.br\/index.php?rest_route=\/wp\/v2\/pages\/2","targetHints":{"allow":["GET"]}}],"collection":[{"href":"https:\/\/blog.padraocolor.com.br\/index.php?rest_route=\/wp\/v2\/pages"}],"about":[{"href":"https:\/\/blog.padraocolor.com.br\/index.php?rest_route=\/wp\/v2\/types\/page"}],"author":[{"embeddable":true,"href":"https:\/\/blog.padraocolor.com.br\/index.php?rest_route=\/wp\/v2\/users\/4"}],"replies":[{"embeddable":true,"href":"https:\/\/blog.padraocolor.com.br\/index.php?rest_route=%2Fwp%2Fv2%2Fcomments&post=2"}],"version-history":[{"count":49,"href":"https:\/\/blog.padraocolor.com.br\/index.php?rest_route=\/wp\/v2\/pages\/2\/revisions"}],"predecessor-version":[{"id":687,"href":"https:\/\/blog.padraocolor.com.br\/index.php?rest_route=\/wp\/v2\/pages\/2\/revisions\/687"}],"wp:attachment":[{"href":"https:\/\/blog.padraocolor.com.br\/index.php?rest_route=%2Fwp%2Fv2%2Fmedia&parent=2"}],"curies":[{"name":"wp","href":"https:\/\/api.w.org\/{rel}","templated":true}]}}